{"id":12,"date":"2022-04-08T07:58:23","date_gmt":"2022-04-08T07:58:23","guid":{"rendered":"https:\/\/sundhedshuset-rungsted.dk\/?page_id=12"},"modified":"2022-05-20T07:26:29","modified_gmt":"2022-05-20T07:26:29","slug":"mengel-ejendomme","status":"publish","type":"page","link":"https:\/\/sundhedshuset-rungsted.dk\/?page_id=12","title":{"rendered":"MENGEL EJENDOMME"},"content":{"rendered":"\n<div style=\"height:110px\" aria-hidden=\"true\" class=\"wp-block-spacer\"><\/div>\n\n\n\n<div class=\"wp-block-genesis-blocks-gb-container alignfull gb-block-container\"><div class=\"gb-container-inside\"><div class=\"gb-container-content\">\n<div class=\"wp-block-cover alignwide is-light\" style=\"min-height:500px;aspect-ratio:unset;\"><span aria-hidden=\"true\" class=\"has-background-dim-0 wp-block-cover__gradient-background has-background-dim\"><\/span><img loading=\"lazy\" decoding=\"async\" width=\"1575\" height=\"2560\" class=\"wp-block-cover__image-background wp-image-298\" alt=\"\" src=\"https:\/\/sundhedshuset-rungsted.dk\/wp-content\/uploads\/2022\/05\/13_forside_ny_redigeret_03jan-scaled.jpg\" style=\"object-position:55% 62%\" data-object-fit=\"cover\" data-object-position=\"55% 62%\" srcset=\"https:\/\/sundhedshuset-rungsted.dk\/wp-content\/uploads\/2022\/05\/13_forside_ny_redigeret_03jan-scaled.jpg 1575w, https:\/\/sundhedshuset-rungsted.dk\/wp-content\/uploads\/2022\/05\/13_forside_ny_redigeret_03jan-185x300.jpg 185w, https:\/\/sundhedshuset-rungsted.dk\/wp-content\/uploads\/2022\/05\/13_forside_ny_redigeret_03jan-630x1024.jpg 630w, https:\/\/sundhedshuset-rungsted.dk\/wp-content\/uploads\/2022\/05\/13_forside_ny_redigeret_03jan-768x1248.jpg 768w, https:\/\/sundhedshuset-rungsted.dk\/wp-content\/uploads\/2022\/05\/13_forside_ny_redigeret_03jan-945x1536.jpg 945w, https:\/\/sundhedshuset-rungsted.dk\/wp-content\/uploads\/2022\/05\/13_forside_ny_redigeret_03jan-1260x2048.jpg 1260w\" sizes=\"auto, (max-width: 1575px) 100vw, 1575px\" \/><div class=\"wp-block-cover__inner-container is-layout-flow wp-block-cover-is-layout-flow\">\n<p class=\"has-text-align-center has-large-font-size\"><\/p>\n<\/div><\/div>\n<\/div><\/div><\/div>\n\n\n\n<div style=\"margin-top:6%;margin-bottom:6.5%\" class=\"wp-block-genesis-blocks-gb-container fade-in-up gb-block-container\"><div class=\"gb-container-inside\"><div class=\"gb-container-content\" style=\"max-width:1600px\">\n<h3 class=\"has-text-align-center wp-block-heading\">Mengel Ejendomme er personligt ejet af Steen<br>Mengel og har eksisteret siden 1985 <\/h3>\n<\/div><\/div><\/div>\n\n\n\n<div class=\"wp-block-genesis-blocks-gb-container gb-block-container\"><div class=\"gb-container-inside\"><div class=\"gb-container-content\">\n<div class=\"wp-block-columns fade-in-up is-layout-flex wp-container-core-columns-is-layout-9d6595d7 wp-block-columns-is-layout-flex\">\n<div class=\"wp-block-column is-layout-flow wp-block-column-is-layout-flow\">\n<p>Mengel Ejendomme udvikler og driver markante ejendomme til erhverv og bolig i de st\u00f8rre danske byer.<br>For os er ejendomme ikke bare bygninger, men en vigtig del af vores f\u00e6lles kulturarv.<br>Vi er altid interesserede i, at indg\u00e5 i projekter med sp\u00e6ndende, bevaringsv\u00e6rdige ejendomme med potentiale.<\/p>\n<\/div>\n\n\n\n<div class=\"wp-block-column is-layout-flow wp-block-column-is-layout-flow\">\n<div class=\"wp-block-image\"><figure class=\"aligncenter size-large\"><img loading=\"lazy\" decoding=\"async\" width=\"1024\" height=\"512\" src=\"https:\/\/sundhedshuset-rungsted.dk\/wp-content\/uploads\/2022\/04\/IMG_8539_web-kopi-1024x512.jpg\" alt=\"\" class=\"wp-image-181\" srcset=\"https:\/\/sundhedshuset-rungsted.dk\/wp-content\/uploads\/2022\/04\/IMG_8539_web-kopi-1024x512.jpg 1024w, https:\/\/sundhedshuset-rungsted.dk\/wp-content\/uploads\/2022\/04\/IMG_8539_web-kopi-300x150.jpg 300w, https:\/\/sundhedshuset-rungsted.dk\/wp-content\/uploads\/2022\/04\/IMG_8539_web-kopi-768x384.jpg 768w, https:\/\/sundhedshuset-rungsted.dk\/wp-content\/uploads\/2022\/04\/IMG_8539_web-kopi-1536x768.jpg 1536w, https:\/\/sundhedshuset-rungsted.dk\/wp-content\/uploads\/2022\/04\/IMG_8539_web-kopi.jpg 1600w\" sizes=\"auto, (max-width: 1024px) 100vw, 1024px\" \/><\/figure><\/div>\n<\/div>\n<\/div>\n\n\n\n<div class=\"wp-block-columns fade-in-up is-layout-flex wp-container-core-columns-is-layout-9d6595d7 wp-block-columns-is-layout-flex\">\n<div class=\"wp-block-column is-layout-flow wp-block-column-is-layout-flow\">\n<p>Vi er fanget af bygninger med historie, stil og engagerende arkitektur. Vi arbejder ogs\u00e5 med at udvikle nye ejendomsprojekter, hvor vi skaber tidl\u00f8st byggeri, som stadig st\u00e5r stolt om hundrede \u00e5r eller mere.<br>Uanset om vi bygger nyt eller renoverer gammelt, br\u00e6nder vi for \u00e6stetik, enkelthed og omsorg for detaljerne. <\/p>\n<\/div>\n\n\n\n<div class=\"wp-block-column is-layout-flow wp-block-column-is-layout-flow\">\n<div class=\"wp-block-image\"><figure class=\"aligncenter size-full\"><img loading=\"lazy\" decoding=\"async\" width=\"751\" height=\"391\" src=\"https:\/\/sundhedshuset-rungsted.dk\/wp-content\/uploads\/2022\/04\/mgl-ejendomme-content4.jpg\" alt=\"\" class=\"wp-image-123\" srcset=\"https:\/\/sundhedshuset-rungsted.dk\/wp-content\/uploads\/2022\/04\/mgl-ejendomme-content4.jpg 751w, https:\/\/sundhedshuset-rungsted.dk\/wp-content\/uploads\/2022\/04\/mgl-ejendomme-content4-300x156.jpg 300w\" sizes=\"auto, (max-width: 751px) 100vw, 751px\" \/><\/figure><\/div>\n<\/div>\n<\/div>\n\n\n\n<div class=\"wp-block-columns fade-in-up is-layout-flex wp-container-core-columns-is-layout-9d6595d7 wp-block-columns-is-layout-flex\">\n<div class=\"wp-block-column is-layout-flow wp-block-column-is-layout-flow\">\n<div class=\"wp-block-image\"><figure class=\"aligncenter size-full\"><img loading=\"lazy\" decoding=\"async\" width=\"751\" height=\"391\" src=\"https:\/\/sundhedshuset-rungsted.dk\/wp-content\/uploads\/2022\/04\/mgl-ejendomme-content5.jpg\" alt=\"\" class=\"wp-image-122\" srcset=\"https:\/\/sundhedshuset-rungsted.dk\/wp-content\/uploads\/2022\/04\/mgl-ejendomme-content5.jpg 751w, https:\/\/sundhedshuset-rungsted.dk\/wp-content\/uploads\/2022\/04\/mgl-ejendomme-content5-300x156.jpg 300w\" sizes=\"auto, (max-width: 751px) 100vw, 751px\" \/><\/figure><\/div>\n<\/div>\n\n\n\n<div class=\"wp-block-column is-layout-flow wp-block-column-is-layout-flow\">\n<div class=\"wp-block-image\"><figure class=\"aligncenter size-full\"><img loading=\"lazy\" decoding=\"async\" width=\"751\" height=\"391\" src=\"https:\/\/sundhedshuset-rungsted.dk\/wp-content\/uploads\/2022\/04\/mgl-ejendomme-content3.jpg\" alt=\"\" class=\"wp-image-124\" srcset=\"https:\/\/sundhedshuset-rungsted.dk\/wp-content\/uploads\/2022\/04\/mgl-ejendomme-content3.jpg 751w, https:\/\/sundhedshuset-rungsted.dk\/wp-content\/uploads\/2022\/04\/mgl-ejendomme-content3-300x156.jpg 300w\" sizes=\"auto, (max-width: 751px) 100vw, 751px\" \/><\/figure><\/div>\n<\/div>\n<\/div>\n<\/div><\/div><\/div>\n","protected":false},"excerpt":{"rendered":"","protected":false},"author":2,"featured_media":0,"parent":0,"menu_order":0,"comment_status":"closed","ping_status":"closed","template":"","meta":{"_genesis_hide_title":false,"_genesis_hide_breadcrumbs":false,"_genesis_hide_singular_image":false,"_genesis_hide_footer_widgets":false,"_genesis_custom_body_class":"","_genesis_custom_post_class":"","_genesis_layout":"","footnotes":""},"class_list":{"0":"post-12","1":"page","2":"type-page","3":"status-publish","5":"entry"},"featured_image_src":null,"featured_image_src_square":null,"_links":{"self":[{"href":"https:\/\/sundhedshuset-rungsted.dk\/index.php?rest_route=\/wp\/v2\/pages\/12","targetHints":{"allow":["GET"]}}],"collection":[{"href":"https:\/\/sundhedshuset-rungsted.dk\/index.php?rest_route=\/wp\/v2\/pages"}],"about":[{"href":"https:\/\/sundhedshuset-rungsted.dk\/index.php?rest_route=\/wp\/v2\/types\/page"}],"author":[{"embeddable":true,"href":"https:\/\/sundhedshuset-rungsted.dk\/index.php?rest_route=\/wp\/v2\/users\/2"}],"replies":[{"embeddable":true,"href":"https:\/\/sundhedshuset-rungsted.dk\/index.php?rest_route=%2Fwp%2Fv2%2Fcomments&post=12"}],"version-history":[{"count":0,"href":"https:\/\/sundhedshuset-rungsted.dk\/index.php?rest_route=\/wp\/v2\/pages\/12\/revisions"}],"wp:attachment":[{"href":"https:\/\/sundhedshuset-rungsted.dk\/index.php?rest_route=%2Fwp%2Fv2%2Fmedia&parent=12"}],"curies":[{"name":"wp","href":"https:\/\/api.w.org\/{rel}","templated":true}]}}