{"id":9,"date":"2022-04-08T07:57:52","date_gmt":"2022-04-08T07:57:52","guid":{"rendered":"https:\/\/sundhedshuset-rungsted.dk\/?page_id=9"},"modified":"2022-05-18T12:43:07","modified_gmt":"2022-05-18T12:43:07","slug":"visionen","status":"publish","type":"page","link":"https:\/\/sundhedshuset-rungsted.dk\/?page_id=9","title":{"rendered":"VISIONEN"},"content":{"rendered":"\n<div style=\"height:110px\" aria-hidden=\"true\" class=\"wp-block-spacer\"><\/div>\n\n\n\n<div class=\"wp-block-genesis-blocks-gb-container alignwide gb-block-container\"><div class=\"gb-container-inside\"><div class=\"gb-container-content\" style=\"max-width:1600px\">\n<div class=\"wp-block-cover alignwide is-light\" style=\"min-height:400px;aspect-ratio:unset;\"><span aria-hidden=\"true\" class=\"has-background-dim-0 wp-block-cover__gradient-background has-background-dim\"><\/span><img loading=\"lazy\" decoding=\"async\" width=\"1220\" height=\"703\" class=\"wp-block-cover__image-background wp-image-62\" alt=\"\" src=\"https:\/\/sundhedshuset-rungsted.dk\/wp-content\/uploads\/2022\/04\/Screenshot-2022-04-08-at-11.32.50.png\" data-object-fit=\"cover\" srcset=\"https:\/\/sundhedshuset-rungsted.dk\/wp-content\/uploads\/2022\/04\/Screenshot-2022-04-08-at-11.32.50.png 1220w, https:\/\/sundhedshuset-rungsted.dk\/wp-content\/uploads\/2022\/04\/Screenshot-2022-04-08-at-11.32.50-300x173.png 300w, https:\/\/sundhedshuset-rungsted.dk\/wp-content\/uploads\/2022\/04\/Screenshot-2022-04-08-at-11.32.50-1024x590.png 1024w, https:\/\/sundhedshuset-rungsted.dk\/wp-content\/uploads\/2022\/04\/Screenshot-2022-04-08-at-11.32.50-768x443.png 768w\" sizes=\"auto, (max-width: 1220px) 100vw, 1220px\" \/><div class=\"wp-block-cover__inner-container is-layout-flow wp-block-cover-is-layout-flow\">\n<p class=\"has-text-align-center has-large-font-size\"><\/p>\n<\/div><\/div>\n<\/div><\/div><\/div>\n\n\n\n<div style=\"padding-top:6%\" class=\"wp-block-genesis-blocks-gb-container alignwide fade-in-up gb-block-container\"><div class=\"gb-container-inside\"><div class=\"gb-container-content\" style=\"max-width:1600px\">\n<h3 class=\"has-text-align-center wp-block-heading\">&#8220;En smuk bygning er en<br>k\u00e6rlighedserkl\u00e6ring til eftertiden&#8221;<\/h3>\n<\/div><\/div><\/div>\n\n\n\n<div style=\"padding-top:2%\" class=\"wp-block-genesis-blocks-gb-container alignwide fade-in-up gb-block-container\"><div class=\"gb-container-inside\"><div class=\"gb-container-content\" style=\"max-width:1600px\">\n<h6 class=\"has-text-align-center has-white-color has-text-color wp-block-heading\">STEEN MENGEL<\/h6>\n<\/div><\/div><\/div>\n\n\n\n<div style=\"padding-left:4%;padding-right:4%;margin-top:5%\" class=\"wp-block-genesis-blocks-gb-container aligncenter gb-block-container\"><div class=\"gb-container-inside\"><div class=\"gb-container-content\" style=\"max-width:1600px\">\n<div class=\"wp-block-columns fade-in-up is-layout-flex wp-container-core-columns-is-layout-9d6595d7 wp-block-columns-is-layout-flex\">\n<div class=\"wp-block-column is-layout-flow wp-block-column-is-layout-flow\" style=\"flex-basis:800px\">\n<p>Min vision for Sundhedshuset er at skabe et levende og alsidigt samlingspunkt med&nbsp;sundhed og velv\u00e6re i h\u00f8js\u00e6det. Projektet skal omfavne mange typer praksisser, med fokus p\u00e5 velv\u00e6re og sundhed. Sundhedshuset skal byde velkommen til et rummeligt f\u00e6llesskab, der kan bidrage til det lokale kulturmilj\u00f8 og omr\u00e5dets udviklingspotentiale.<\/p>\n<\/div>\n\n\n\n<div class=\"wp-block-column is-layout-flow wp-block-column-is-layout-flow\" style=\"flex-basis:800px\">\n<div class=\"wp-block-image\"><figure class=\"aligncenter size-full\"><img loading=\"lazy\" decoding=\"async\" width=\"354\" height=\"199\" src=\"https:\/\/sundhedshuset-rungsted.dk\/wp-content\/uploads\/2022\/05\/steen-profil-1-edited.jpg\" alt=\"\" class=\"wp-image-261\" srcset=\"https:\/\/sundhedshuset-rungsted.dk\/wp-content\/uploads\/2022\/05\/steen-profil-1-edited.jpg 354w, https:\/\/sundhedshuset-rungsted.dk\/wp-content\/uploads\/2022\/05\/steen-profil-1-edited-300x169.jpg 300w\" sizes=\"auto, (max-width: 354px) 100vw, 354px\" \/><\/figure><\/div>\n<\/div>\n<\/div>\n\n\n\n<div class=\"wp-block-columns fade-in-up is-layout-flex wp-container-core-columns-is-layout-9d6595d7 wp-block-columns-is-layout-flex\">\n<div class=\"wp-block-column is-layout-flow wp-block-column-is-layout-flow\">\n<div class=\"wp-block-image\"><figure class=\"aligncenter size-large\"><img loading=\"lazy\" decoding=\"async\" width=\"1024\" height=\"589\" src=\"https:\/\/sundhedshuset-rungsted.dk\/wp-content\/uploads\/2022\/05\/Screenshot-2022-05-17-at-12.46.14-1024x589.png\" alt=\"\" class=\"wp-image-210\" srcset=\"https:\/\/sundhedshuset-rungsted.dk\/wp-content\/uploads\/2022\/05\/Screenshot-2022-05-17-at-12.46.14-1024x589.png 1024w, https:\/\/sundhedshuset-rungsted.dk\/wp-content\/uploads\/2022\/05\/Screenshot-2022-05-17-at-12.46.14-300x173.png 300w, https:\/\/sundhedshuset-rungsted.dk\/wp-content\/uploads\/2022\/05\/Screenshot-2022-05-17-at-12.46.14-768x442.png 768w, https:\/\/sundhedshuset-rungsted.dk\/wp-content\/uploads\/2022\/05\/Screenshot-2022-05-17-at-12.46.14-1536x883.png 1536w, https:\/\/sundhedshuset-rungsted.dk\/wp-content\/uploads\/2022\/05\/Screenshot-2022-05-17-at-12.46.14.png 1805w\" sizes=\"auto, (max-width: 1024px) 100vw, 1024px\" \/><\/figure><\/div>\n<\/div>\n\n\n\n<div class=\"wp-block-column is-layout-flow wp-block-column-is-layout-flow\">\n<div class=\"wp-block-image\"><figure class=\"aligncenter size-large\"><img loading=\"lazy\" decoding=\"async\" width=\"1024\" height=\"611\" src=\"https:\/\/sundhedshuset-rungsted.dk\/wp-content\/uploads\/2022\/05\/Screenshot-2022-05-17-at-12.49.07-1024x611.png\" alt=\"\" class=\"wp-image-199\" srcset=\"https:\/\/sundhedshuset-rungsted.dk\/wp-content\/uploads\/2022\/05\/Screenshot-2022-05-17-at-12.49.07-1024x611.png 1024w, https:\/\/sundhedshuset-rungsted.dk\/wp-content\/uploads\/2022\/05\/Screenshot-2022-05-17-at-12.49.07-300x179.png 300w, https:\/\/sundhedshuset-rungsted.dk\/wp-content\/uploads\/2022\/05\/Screenshot-2022-05-17-at-12.49.07-768x458.png 768w, https:\/\/sundhedshuset-rungsted.dk\/wp-content\/uploads\/2022\/05\/Screenshot-2022-05-17-at-12.49.07.png 1500w\" sizes=\"auto, (max-width: 1024px) 100vw, 1024px\" \/><\/figure><\/div>\n<\/div>\n<\/div>\n\n\n\n<div class=\"wp-block-columns fade-in-up is-layout-flex wp-container-core-columns-is-layout-9d6595d7 wp-block-columns-is-layout-flex\">\n<div class=\"wp-block-column is-layout-flow wp-block-column-is-layout-flow\">\n<div class=\"wp-block-image\"><figure class=\"aligncenter size-large\"><img loading=\"lazy\" decoding=\"async\" width=\"1200\" height=\"676\" src=\"https:\/\/sundhedshuset-rungsted.dk\/wp-content\/uploads\/2022\/05\/Screenshot-2022-05-17-at-12.41.55-edited.png\" alt=\"\" class=\"wp-image-264\" srcset=\"https:\/\/sundhedshuset-rungsted.dk\/wp-content\/uploads\/2022\/05\/Screenshot-2022-05-17-at-12.41.55-edited.png 1200w, https:\/\/sundhedshuset-rungsted.dk\/wp-content\/uploads\/2022\/05\/Screenshot-2022-05-17-at-12.41.55-edited-300x169.png 300w, https:\/\/sundhedshuset-rungsted.dk\/wp-content\/uploads\/2022\/05\/Screenshot-2022-05-17-at-12.41.55-edited-1024x577.png 1024w, https:\/\/sundhedshuset-rungsted.dk\/wp-content\/uploads\/2022\/05\/Screenshot-2022-05-17-at-12.41.55-edited-768x433.png 768w\" sizes=\"auto, (max-width: 1200px) 100vw, 1200px\" \/><\/figure><\/div>\n<\/div>\n\n\n\n<div class=\"wp-block-column is-layout-flow wp-block-column-is-layout-flow\">\n<div class=\"wp-block-image\"><figure class=\"aligncenter size-large\"><img loading=\"lazy\" decoding=\"async\" width=\"1802\" height=\"1013\" src=\"https:\/\/sundhedshuset-rungsted.dk\/wp-content\/uploads\/2022\/05\/Screenshot-2022-05-17-at-12.46.04-edited.png\" alt=\"\" class=\"wp-image-265\" srcset=\"https:\/\/sundhedshuset-rungsted.dk\/wp-content\/uploads\/2022\/05\/Screenshot-2022-05-17-at-12.46.04-edited.png 1802w, https:\/\/sundhedshuset-rungsted.dk\/wp-content\/uploads\/2022\/05\/Screenshot-2022-05-17-at-12.46.04-edited-300x169.png 300w, https:\/\/sundhedshuset-rungsted.dk\/wp-content\/uploads\/2022\/05\/Screenshot-2022-05-17-at-12.46.04-edited-1024x576.png 1024w, https:\/\/sundhedshuset-rungsted.dk\/wp-content\/uploads\/2022\/05\/Screenshot-2022-05-17-at-12.46.04-edited-768x432.png 768w, https:\/\/sundhedshuset-rungsted.dk\/wp-content\/uploads\/2022\/05\/Screenshot-2022-05-17-at-12.46.04-edited-1536x863.png 1536w\" sizes=\"auto, (max-width: 1802px) 100vw, 1802px\" \/><\/figure><\/div>\n<\/div>\n<\/div>\n<\/div><\/div><\/div>\n","protected":false},"excerpt":{"rendered":"","protected":false},"author":2,"featured_media":0,"parent":0,"menu_order":0,"comment_status":"closed","ping_status":"closed","template":"","meta":{"_genesis_hide_title":false,"_genesis_hide_breadcrumbs":false,"_genesis_hide_singular_image":false,"_genesis_hide_footer_widgets":false,"_genesis_custom_body_class":"","_genesis_custom_post_class":"","_genesis_layout":"","footnotes":""},"class_list":{"0":"post-9","1":"page","2":"type-page","3":"status-publish","5":"entry"},"featured_image_src":null,"featured_image_src_square":null,"_links":{"self":[{"href":"https:\/\/sundhedshuset-rungsted.dk\/index.php?rest_route=\/wp\/v2\/pages\/9","targetHints":{"allow":["GET"]}}],"collection":[{"href":"https:\/\/sundhedshuset-rungsted.dk\/index.php?rest_route=\/wp\/v2\/pages"}],"about":[{"href":"https:\/\/sundhedshuset-rungsted.dk\/index.php?rest_route=\/wp\/v2\/types\/page"}],"author":[{"embeddable":true,"href":"https:\/\/sundhedshuset-rungsted.dk\/index.php?rest_route=\/wp\/v2\/users\/2"}],"replies":[{"embeddable":true,"href":"https:\/\/sundhedshuset-rungsted.dk\/index.php?rest_route=%2Fwp%2Fv2%2Fcomments&post=9"}],"version-history":[{"count":0,"href":"https:\/\/sundhedshuset-rungsted.dk\/index.php?rest_route=\/wp\/v2\/pages\/9\/revisions"}],"wp:attachment":[{"href":"https:\/\/sundhedshuset-rungsted.dk\/index.php?rest_route=%2Fwp%2Fv2%2Fmedia&parent=9"}],"curies":[{"name":"wp","href":"https:\/\/api.w.org\/{rel}","templated":true}]}}